{"id":3657,"date":"2011-07-30T00:15:30","date_gmt":"2011-07-29T21:15:30","guid":{"rendered":"http:\/\/vaxxi.net\/log\/?page_id=3657"},"modified":"2025-06-25T18:01:30","modified_gmt":"2025-06-25T15:01:30","slug":"regula-fermoarului","status":"publish","type":"page","link":"https:\/\/vaxxi.net\/log\/regula-fermoarului\/","title":{"rendered":"ac\u0163iunea fermoarul"},"content":{"rendered":"<p><img loading=\"lazy\" decoding=\"async\" class=\"alignleft size-thumbnail wp-image-3661\" title=\"zippermergecrop\" src=\"http:\/\/vaxxi.net\/log\/wp-content\/uploads\/2011\/07\/zippermergecrop-150x150.png\" alt=\"\" width=\"150\" height=\"150\" \/>\u0162i-am atras aten\u0163ia cu bannerul? bun. \u00cencerc s\u0103 popularizez un lucru simplu, pe care-ar trebui s\u0103-l \u015ftie \u015fi s\u0103-l aplice to\u0163i \u015foferii: <a href=\"http:\/\/en.wikipedia.org\/wiki\/Newell-Daganzo_Merge_Model\">regula fermoarului<\/a>.<\/p>\n<h2><strong>De ce regula asta ?<\/strong><\/h2>\n<p>Atunci c\u00e2nd dou\u0103 benzi de circula\u0163ie se unesc \u00eentr-una singur\u0103, mereu apar probleme de prioritate. \u015eoferii din ambele cozi au impresia c\u0103 au stat mai mult la coad\u0103 (o chestie pur psihologic\u0103, dup\u0103 cum scrie \u015fi Tom Vanderbilt \u00een cartea <a href=\"http:\/\/tomvanderbilt.com\/traffic\/\">Traffic<\/a>) \u015fi vor s\u0103 for\u0163eze intrarea pe band\u0103 \u00een detrimentul celui de l\u00e2ng\u0103 el. Prioritatea \u00een acest caz nu este precizat\u0103 explicit \u00een codul rutier, iar codul rutier nu mai e respectat de mult pe str\u0103zi. Din chestia asta rezult\u0103 claxoane, nervi, \u00eenjur\u0103turi \u015fi alte incidente \u00een trafic.<\/p>\n<h2><strong>Bun, ce \u00eenseamn\u0103 regula fermoarului ?<\/strong><\/h2>\n<p>Regula fermoarului \u00eenseamn\u0103 c\u0103 cele dou\u0103 benzi se unesc \u00eentr-una singur\u0103 cu ma\u015finile lucr\u00e2nd la fel ca din\u0163ii unui fermoar: intr\u0103 o ma\u015fin\u0103 de pe banda din dreapta, apoi una de pe banda din st\u00e2nga, apoi iar una din dreapta, iar una din st\u00e2nga \u015fi a\u015fa mai departe. Poate unii dintre voi o aplicau p\u00e2n\u0103 acum f\u0103r\u0103 a o con\u015ftientiza, din bun-sim\u0163. Astfel se asigur\u0103 un flux de trafic constant, f\u0103r\u0103 probleme \u015fi claxoane. \u00cen Germania se cheam\u0103 <a href=\"http:\/\/de.wikipedia.org\/wiki\/Rei%C3%9Fverschluss\">Rei\u00dfverschlu\u00df<\/a> \u015fi <a href=\"http:\/\/www.dot.state.mn.us\/zippermerge\/\">alte \u0163\u0103ri o \u00eencurajeaz\u0103 prin autorit\u0103\u0163ile rutiere<\/a>.<\/p>\n<p>Aten\u0163ie: <strong>nu<\/strong> trebuie s\u0103 schimba\u0163i banda \u00eenainte de-a ajunge la punctul blocajului ! dac\u0103 face\u0163i asta, anula\u0163i toate beneficiile metodei. Pur \u015fi simplu merge\u0163i normal p\u00e2n\u0103 unde se termin\u0103 banda \u015fi aplica\u0163i metoda fermoarului.<\/p>\n<h2><strong>Ce pot face eu ?<\/strong><\/h2>\n<p>Dac\u0103 e\u015fti \u015fofer, trebuie doar s\u0103 aplici regula. Dac\u0103 ai prieteni, rude sau cuno\u015ftin\u0163e care conduc: spune-le despre aceast\u0103 simpl\u0103 regul\u0103. Dac\u0103 e\u015fti \u00eentr-o ma\u015fin\u0103 \u015fi vezi c\u0103 \u015foferul se agit\u0103 \u00eentr-o situa\u0163ie ca asta &#8230; spune-i despre regula fermoarului \u00een trafic. Cu c\u00e2t este mai cunoscut\u0103, cu at\u00e2t regula fermoarului va func\u0163iona mai bine \u015fi vom evita balamucurile din trafic provocate de \u015fantierele interminabile. D\u0103 mai departe acest link cui crezi c\u0103-i va folosi, eventual.<\/p>\n<p>S\u0103 facem cunoscut\u0103 <strong>regula fermoarului !<\/strong><\/p>\n<p><iframe loading=\"lazy\" title=\"MnDOT | Zipper Merge Traffic Camera Instructional\" width=\"640\" height=\"480\" src=\"https:\/\/www.youtube.com\/embed\/ZcPby71TNC0?feature=oembed\" frameborder=\"0\" allow=\"accelerometer; autoplay; clipboard-write; encrypted-media; gyroscope; picture-in-picture; web-share\" referrerpolicy=\"strict-origin-when-cross-origin\" allowfullscreen><\/iframe><\/p>\n","protected":false},"excerpt":{"rendered":"<p>\u0162i-am atras aten\u0163ia cu bannerul? bun. \u00cencerc s\u0103 popularizez un lucru simplu, pe care-ar trebui s\u0103-l \u015ftie \u015fi s\u0103-l aplice to\u0163i \u015foferii: regula fermoarului. De ce regula asta ? Atunci c\u00e2nd dou\u0103 benzi de circula\u0163ie se unesc \u00eentr-una singur\u0103, mereu apar probleme de prioritate. \u015eoferii din ambele cozi au impresia c\u0103 au stat mai mult<a class=\"continue-link\" href=\"https:\/\/vaxxi.net\/log\/regula-fermoarului\/\">&#8230;(Continue Reading)<\/a><\/p>\n","protected":false},"author":1,"featured_media":0,"parent":0,"menu_order":5,"comment_status":"open","ping_status":"open","template":"","meta":{"footnotes":""},"class_list":["post-3657","page","type-page","status-publish","hentry"],"yoast_head":"<!-- This site is optimized with the Yoast SEO plugin v27.4 - https:\/\/yoast.com\/product\/yoast-seo-wordpress\/ -->\n<title>ac\u0163iunea fermoarul -<\/title>\n<meta name=\"description\" content=\"\u0162i-am atras aten\u0163ia cu bannerul? bun. \u00cencerc s\u0103 popularizez un lucru simplu, pe care-ar trebui s\u0103-l \u015ftie \u015fi s\u0103-l aplice to\u0163i \u015foferii: regula fermoarului.\" \/>\n<meta name=\"robots\" content=\"index, follow, max-snippet:-1, max-image-preview:large, max-video-preview:-1\" \/>\n<link rel=\"canonical\" href=\"https:\/\/vaxxi.net\/log\/regula-fermoarului\/\" \/>\n<meta name=\"twitter:label1\" content=\"Est. reading time\" \/>\n\t<meta name=\"twitter:data1\" content=\"2 minutes\" \/>\n<script type=\"application\/ld+json\" class=\"yoast-schema-graph\">{\"@context\":\"https:\\\/\\\/schema.org\",\"@graph\":[{\"@type\":\"WebPage\",\"@id\":\"https:\\\/\\\/vaxxi.net\\\/log\\\/regula-fermoarului\\\/\",\"url\":\"https:\\\/\\\/vaxxi.net\\\/log\\\/regula-fermoarului\\\/\",\"name\":\"ac\u0163iunea fermoarul -\",\"isPartOf\":{\"@id\":\"https:\\\/\\\/vaxxi.net\\\/log\\\/#website\"},\"primaryImageOfPage\":{\"@id\":\"https:\\\/\\\/vaxxi.net\\\/log\\\/regula-fermoarului\\\/#primaryimage\"},\"image\":{\"@id\":\"https:\\\/\\\/vaxxi.net\\\/log\\\/regula-fermoarului\\\/#primaryimage\"},\"thumbnailUrl\":\"http:\\\/\\\/vaxxi.net\\\/log\\\/wp-content\\\/uploads\\\/2011\\\/07\\\/zippermergecrop-150x150.png\",\"datePublished\":\"2011-07-29T21:15:30+00:00\",\"dateModified\":\"2025-06-25T15:01:30+00:00\",\"description\":\"\u0162i-am atras aten\u0163ia cu bannerul? bun. \u00cencerc s\u0103 popularizez un lucru simplu, pe care-ar trebui s\u0103-l \u015ftie \u015fi s\u0103-l aplice to\u0163i \u015foferii: regula fermoarului.\",\"breadcrumb\":{\"@id\":\"https:\\\/\\\/vaxxi.net\\\/log\\\/regula-fermoarului\\\/#breadcrumb\"},\"inLanguage\":\"en-US\",\"potentialAction\":[{\"@type\":\"ReadAction\",\"target\":[\"https:\\\/\\\/vaxxi.net\\\/log\\\/regula-fermoarului\\\/\"]}]},{\"@type\":\"ImageObject\",\"inLanguage\":\"en-US\",\"@id\":\"https:\\\/\\\/vaxxi.net\\\/log\\\/regula-fermoarului\\\/#primaryimage\",\"url\":\"https:\\\/\\\/vaxxi.net\\\/log\\\/wp-content\\\/uploads\\\/2011\\\/07\\\/zippermergecrop.png\",\"contentUrl\":\"https:\\\/\\\/vaxxi.net\\\/log\\\/wp-content\\\/uploads\\\/2011\\\/07\\\/zippermergecrop.png\",\"width\":\"230\",\"height\":\"290\"},{\"@type\":\"BreadcrumbList\",\"@id\":\"https:\\\/\\\/vaxxi.net\\\/log\\\/regula-fermoarului\\\/#breadcrumb\",\"itemListElement\":[{\"@type\":\"ListItem\",\"position\":1,\"name\":\"VAXXiNET\",\"item\":\"https:\\\/\\\/vaxxi.net\\\/log\\\/\"},{\"@type\":\"ListItem\",\"position\":2,\"name\":\"ac\u0163iunea fermoarul\"}]},{\"@type\":\"WebSite\",\"@id\":\"https:\\\/\\\/vaxxi.net\\\/log\\\/#website\",\"url\":\"https:\\\/\\\/vaxxi.net\\\/log\\\/\",\"name\":\"\",\"description\":\"There must be some way out of here\",\"potentialAction\":[{\"@type\":\"SearchAction\",\"target\":{\"@type\":\"EntryPoint\",\"urlTemplate\":\"https:\\\/\\\/vaxxi.net\\\/log\\\/?s={search_term_string}\"},\"query-input\":{\"@type\":\"PropertyValueSpecification\",\"valueRequired\":true,\"valueName\":\"search_term_string\"}}],\"inLanguage\":\"en-US\"}]}<\/script>\n<!-- \/ Yoast SEO plugin. -->","yoast_head_json":{"title":"ac\u0163iunea fermoarul -","description":"\u0162i-am atras aten\u0163ia cu bannerul? bun. \u00cencerc s\u0103 popularizez un lucru simplu, pe care-ar trebui s\u0103-l \u015ftie \u015fi s\u0103-l aplice to\u0163i \u015foferii: regula fermoarului.","robots":{"index":"index","follow":"follow","max-snippet":"max-snippet:-1","max-image-preview":"max-image-preview:large","max-video-preview":"max-video-preview:-1"},"canonical":"https:\/\/vaxxi.net\/log\/regula-fermoarului\/","twitter_misc":{"Est. reading time":"2 minutes"},"schema":{"@context":"https:\/\/schema.org","@graph":[{"@type":"WebPage","@id":"https:\/\/vaxxi.net\/log\/regula-fermoarului\/","url":"https:\/\/vaxxi.net\/log\/regula-fermoarului\/","name":"ac\u0163iunea fermoarul -","isPartOf":{"@id":"https:\/\/vaxxi.net\/log\/#website"},"primaryImageOfPage":{"@id":"https:\/\/vaxxi.net\/log\/regula-fermoarului\/#primaryimage"},"image":{"@id":"https:\/\/vaxxi.net\/log\/regula-fermoarului\/#primaryimage"},"thumbnailUrl":"http:\/\/vaxxi.net\/log\/wp-content\/uploads\/2011\/07\/zippermergecrop-150x150.png","datePublished":"2011-07-29T21:15:30+00:00","dateModified":"2025-06-25T15:01:30+00:00","description":"\u0162i-am atras aten\u0163ia cu bannerul? bun. \u00cencerc s\u0103 popularizez un lucru simplu, pe care-ar trebui s\u0103-l \u015ftie \u015fi s\u0103-l aplice to\u0163i \u015foferii: regula fermoarului.","breadcrumb":{"@id":"https:\/\/vaxxi.net\/log\/regula-fermoarului\/#breadcrumb"},"inLanguage":"en-US","potentialAction":[{"@type":"ReadAction","target":["https:\/\/vaxxi.net\/log\/regula-fermoarului\/"]}]},{"@type":"ImageObject","inLanguage":"en-US","@id":"https:\/\/vaxxi.net\/log\/regula-fermoarului\/#primaryimage","url":"https:\/\/vaxxi.net\/log\/wp-content\/uploads\/2011\/07\/zippermergecrop.png","contentUrl":"https:\/\/vaxxi.net\/log\/wp-content\/uploads\/2011\/07\/zippermergecrop.png","width":"230","height":"290"},{"@type":"BreadcrumbList","@id":"https:\/\/vaxxi.net\/log\/regula-fermoarului\/#breadcrumb","itemListElement":[{"@type":"ListItem","position":1,"name":"VAXXiNET","item":"https:\/\/vaxxi.net\/log\/"},{"@type":"ListItem","position":2,"name":"ac\u0163iunea fermoarul"}]},{"@type":"WebSite","@id":"https:\/\/vaxxi.net\/log\/#website","url":"https:\/\/vaxxi.net\/log\/","name":"","description":"There must be some way out of here","potentialAction":[{"@type":"SearchAction","target":{"@type":"EntryPoint","urlTemplate":"https:\/\/vaxxi.net\/log\/?s={search_term_string}"},"query-input":{"@type":"PropertyValueSpecification","valueRequired":true,"valueName":"search_term_string"}}],"inLanguage":"en-US"}]}},"_links":{"self":[{"href":"https:\/\/vaxxi.net\/log\/wp-json\/wp\/v2\/pages\/3657","targetHints":{"allow":["GET"]}}],"collection":[{"href":"https:\/\/vaxxi.net\/log\/wp-json\/wp\/v2\/pages"}],"about":[{"href":"https:\/\/vaxxi.net\/log\/wp-json\/wp\/v2\/types\/page"}],"author":[{"embeddable":true,"href":"https:\/\/vaxxi.net\/log\/wp-json\/wp\/v2\/users\/1"}],"replies":[{"embeddable":true,"href":"https:\/\/vaxxi.net\/log\/wp-json\/wp\/v2\/comments?post=3657"}],"version-history":[{"count":11,"href":"https:\/\/vaxxi.net\/log\/wp-json\/wp\/v2\/pages\/3657\/revisions"}],"predecessor-version":[{"id":4787,"href":"https:\/\/vaxxi.net\/log\/wp-json\/wp\/v2\/pages\/3657\/revisions\/4787"}],"wp:attachment":[{"href":"https:\/\/vaxxi.net\/log\/wp-json\/wp\/v2\/media?parent=3657"}],"curies":[{"name":"wp","href":"https:\/\/api.w.org\/{rel}","templated":true}]}}